{"id":268,"date":"2024-08-21T00:20:47","date_gmt":"2024-08-21T00:20:47","guid":{"rendered":"https:\/\/palabritas.com\/?page_id=268"},"modified":"2025-04-25T15:28:55","modified_gmt":"2025-04-25T15:28:55","slug":"mision-vision-y-valores","status":"publish","type":"page","link":"https:\/\/palabritas.com\/index.php\/mision-vision-y-valores\/","title":{"rendered":"Misi\u00f3n,  Visi\u00f3n y Valores"},"content":{"rendered":"\t\t<div data-elementor-type=\"wp-page\" data-elementor-id=\"268\" class=\"elementor elementor-268\" data-elementor-post-type=\"page\">\n\t\t\t\t<div class=\"elementor-element elementor-element-f3293d6 e-flex e-con-boxed e-con e-parent\" data-id=\"f3293d6\" data-element_type=\"container\">\n\t\t\t\t\t<div class=\"e-con-inner\">\n\t\t<div class=\"elementor-element elementor-element-38efdd2 e-con-full e-flex e-con e-child\" data-id=\"38efdd2\" data-element_type=\"container\">\n\t\t\t\t<div class=\"elementor-element elementor-element-5548607 elementor-widget elementor-widget-image\" data-id=\"5548607\" data-element_type=\"widget\" data-widget_type=\"image.default\">\n\t\t\t\t<div class=\"elementor-widget-container\">\n\t\t\t<style>\/*! elementor - v3.23.0 - 15-07-2024 *\/\n.elementor-widget-image{text-align:center}.elementor-widget-image a{display:inline-block}.elementor-widget-image a img[src$=\".svg\"]{width:48px}.elementor-widget-image img{vertical-align:middle;display:inline-block}<\/style>\t\t\t\t\t\t\t\t\t\t<img fetchpriority=\"high\" decoding=\"async\" width=\"768\" height=\"336\" src=\"https:\/\/palabritas.com\/wp-content\/uploads\/2024\/10\/MISION-768x336.png\" class=\"attachment-medium_large size-medium_large wp-image-290\" alt=\"\" srcset=\"https:\/\/palabritas.com\/wp-content\/uploads\/2024\/10\/MISION-768x336.png 768w, https:\/\/palabritas.com\/wp-content\/uploads\/2024\/10\/MISION-300x131.png 300w, https:\/\/palabritas.com\/wp-content\/uploads\/2024\/10\/MISION-1024x447.png 1024w, https:\/\/palabritas.com\/wp-content\/uploads\/2024\/10\/MISION-1536x671.png 1536w, https:\/\/palabritas.com\/wp-content\/uploads\/2024\/10\/MISION-2048x895.png 2048w\" sizes=\"(max-width: 768px) 100vw, 768px\" \/>\t\t\t\t\t\t\t\t\t\t\t\t\t<\/div>\n\t\t\t\t<\/div>\n\t\t\t\t<div class=\"elementor-element elementor-element-61eb69e elementor-widget elementor-widget-text-editor\" data-id=\"61eb69e\" data-element_type=\"widget\" data-widget_type=\"text-editor.default\">\n\t\t\t\t<div class=\"elementor-widget-container\">\n\t\t\t<style>\/*! elementor - v3.23.0 - 15-07-2024 *\/\n.elementor-widget-text-editor.elementor-drop-cap-view-stacked .elementor-drop-cap{background-color:#69727d;color:#fff}.elementor-widget-text-editor.elementor-drop-cap-view-framed .elementor-drop-cap{color:#69727d;border:3px solid;background-color:transparent}.elementor-widget-text-editor:not(.elementor-drop-cap-view-default) .elementor-drop-cap{margin-top:8px}.elementor-widget-text-editor:not(.elementor-drop-cap-view-default) .elementor-drop-cap-letter{width:1em;height:1em}.elementor-widget-text-editor .elementor-drop-cap{float:left;text-align:center;line-height:1;font-size:50px}.elementor-widget-text-editor .elementor-drop-cap-letter{display:inline-block}<\/style>\t\t\t\t<p style=\"font-weight: 400;\">Somos una casa editorial que produce y distribuye recursos b\u00edblicos para vivir y compartir la Palabra de Dios a todo el mundo.<\/p>\t\t\t\t\t\t<\/div>\n\t\t\t\t<\/div>\n\t\t\t\t<\/div>\n\t\t\t\t<div class=\"elementor-element elementor-element-52a8e5c elementor-widget__width-initial elementor-widget elementor-widget-spacer\" data-id=\"52a8e5c\" data-element_type=\"widget\" data-widget_type=\"spacer.default\">\n\t\t\t\t<div class=\"elementor-widget-container\">\n\t\t\t<style>\/*! elementor - v3.23.0 - 15-07-2024 *\/\n.elementor-column .elementor-spacer-inner{height:var(--spacer-size)}.e-con{--container-widget-width:100%}.e-con-inner>.elementor-widget-spacer,.e-con>.elementor-widget-spacer{width:var(--container-widget-width,var(--spacer-size));--align-self:var(--container-widget-align-self,initial);--flex-shrink:0}.e-con-inner>.elementor-widget-spacer>.elementor-widget-container,.e-con>.elementor-widget-spacer>.elementor-widget-container{height:100%;width:100%}.e-con-inner>.elementor-widget-spacer>.elementor-widget-container>.elementor-spacer,.e-con>.elementor-widget-spacer>.elementor-widget-container>.elementor-spacer{height:100%}.e-con-inner>.elementor-widget-spacer>.elementor-widget-container>.elementor-spacer>.elementor-spacer-inner,.e-con>.elementor-widget-spacer>.elementor-widget-container>.elementor-spacer>.elementor-spacer-inner{height:var(--container-widget-height,var(--spacer-size))}.e-con-inner>.elementor-widget-spacer.elementor-widget-empty,.e-con>.elementor-widget-spacer.elementor-widget-empty{position:relative;min-height:22px;min-width:22px}.e-con-inner>.elementor-widget-spacer.elementor-widget-empty .elementor-widget-empty-icon,.e-con>.elementor-widget-spacer.elementor-widget-empty .elementor-widget-empty-icon{position:absolute;top:0;bottom:0;left:0;right:0;margin:auto;padding:0;width:22px;height:22px}<\/style>\t\t<div class=\"elementor-spacer\">\n\t\t\t<div class=\"elementor-spacer-inner\"><\/div>\n\t\t<\/div>\n\t\t\t\t<\/div>\n\t\t\t\t<\/div>\n\t\t<div class=\"elementor-element elementor-element-0adff3d e-con-full e-flex e-con e-child\" data-id=\"0adff3d\" data-element_type=\"container\">\n\t\t\t\t<div class=\"elementor-element elementor-element-a7c8c20 elementor-widget elementor-widget-image\" data-id=\"a7c8c20\" data-element_type=\"widget\" data-widget_type=\"image.default\">\n\t\t\t\t<div class=\"elementor-widget-container\">\n\t\t\t\t\t\t\t\t\t\t\t\t\t<img decoding=\"async\" width=\"768\" height=\"336\" src=\"https:\/\/palabritas.com\/wp-content\/uploads\/2024\/10\/VISION-768x336.png\" class=\"attachment-medium_large size-medium_large wp-image-294\" alt=\"\" srcset=\"https:\/\/palabritas.com\/wp-content\/uploads\/2024\/10\/VISION-768x336.png 768w, https:\/\/palabritas.com\/wp-content\/uploads\/2024\/10\/VISION-300x131.png 300w, https:\/\/palabritas.com\/wp-content\/uploads\/2024\/10\/VISION-1024x447.png 1024w, https:\/\/palabritas.com\/wp-content\/uploads\/2024\/10\/VISION-1536x671.png 1536w, https:\/\/palabritas.com\/wp-content\/uploads\/2024\/10\/VISION-2048x895.png 2048w\" sizes=\"(max-width: 768px) 100vw, 768px\" \/>\t\t\t\t\t\t\t\t\t\t\t\t\t<\/div>\n\t\t\t\t<\/div>\n\t\t\t\t<div class=\"elementor-element elementor-element-b61fc39 elementor-widget elementor-widget-text-editor\" data-id=\"b61fc39\" data-element_type=\"widget\" data-widget_type=\"text-editor.default\">\n\t\t\t\t<div class=\"elementor-widget-container\">\n\t\t\t\t\t\t\t<p style=\"font-weight: 400;\">Ayudar a fortalecer la familia con los principios y valores de la biblia.<\/p>\t\t\t\t\t\t<\/div>\n\t\t\t\t<\/div>\n\t\t\t\t<\/div>\n\t\t\t\t\t<\/div>\n\t\t\t\t<\/div>\n\t\t<div class=\"elementor-element elementor-element-861beee e-flex e-con-boxed e-con e-parent\" data-id=\"861beee\" data-element_type=\"container\">\n\t\t\t\t\t<div class=\"e-con-inner\">\n\t\t\t\t<div class=\"elementor-element elementor-element-f165859 elementor-widget elementor-widget-spacer\" data-id=\"f165859\" data-element_type=\"widget\" data-widget_type=\"spacer.default\">\n\t\t\t\t<div class=\"elementor-widget-container\">\n\t\t\t\t\t<div class=\"elementor-spacer\">\n\t\t\t<div class=\"elementor-spacer-inner\"><\/div>\n\t\t<\/div>\n\t\t\t\t<\/div>\n\t\t\t\t<\/div>\n\t\t\t\t<div class=\"elementor-element elementor-element-8c36e64 elementor-widget elementor-widget-heading\" data-id=\"8c36e64\" data-element_type=\"widget\" data-widget_type=\"heading.default\">\n\t\t\t\t<div class=\"elementor-widget-container\">\n\t\t\t<style>\/*! elementor - v3.23.0 - 15-07-2024 *\/\n.elementor-heading-title{padding:0;margin:0;line-height:1}.elementor-widget-heading .elementor-heading-title[class*=elementor-size-]>a{color:inherit;font-size:inherit;line-height:inherit}.elementor-widget-heading .elementor-heading-title.elementor-size-small{font-size:15px}.elementor-widget-heading .elementor-heading-title.elementor-size-medium{font-size:19px}.elementor-widget-heading .elementor-heading-title.elementor-size-large{font-size:29px}.elementor-widget-heading .elementor-heading-title.elementor-size-xl{font-size:39px}.elementor-widget-heading .elementor-heading-title.elementor-size-xxl{font-size:59px}<\/style><h1 class=\"elementor-heading-title elementor-size-default\">Valores Fundamentales:<\/h1>\t\t<\/div>\n\t\t\t\t<\/div>\n\t\t\t\t<div class=\"elementor-element elementor-element-523ba57 elementor-widget elementor-widget-text-editor\" data-id=\"523ba57\" data-element_type=\"widget\" data-widget_type=\"text-editor.default\">\n\t\t\t\t<div class=\"elementor-widget-container\">\n\t\t\t\t\t\t\t<p style=\"font-weight: 400;\">Son nuestras convicciones y principios, que gu\u00edan nuestra raz\u00f3n de ser y raz\u00f3n de existir como empresa.<\/p><p style=\"font-weight: 400;\">Estas verdades eternas ser\u00e1n siempre relevantes para nuestras vidas, y nuestro objetivo es que por medio de nuestros productos y servicios podamos expresarlas y transmitirlas.<\/p>\t\t\t\t\t\t<\/div>\n\t\t\t\t<\/div>\n\t\t\t\t\t<\/div>\n\t\t\t\t<\/div>\n\t\t<div class=\"elementor-element elementor-element-b6ec213 e-con-full e-flex e-con e-parent\" data-id=\"b6ec213\" data-element_type=\"container\">\n\t\t<div class=\"elementor-element elementor-element-6682b08 e-con-full e-flex e-con e-child\" data-id=\"6682b08\" data-element_type=\"container\">\n\t\t\t\t<div class=\"elementor-element elementor-element-91de397 elementor-widget elementor-widget-image\" data-id=\"91de397\" data-element_type=\"widget\" data-widget_type=\"image.default\">\n\t\t\t\t<div class=\"elementor-widget-container\">\n\t\t\t\t\t\t\t\t\t\t\t\t\t<img decoding=\"async\" width=\"768\" height=\"336\" src=\"https:\/\/palabritas.com\/wp-content\/uploads\/2024\/10\/RESPETO-768x336.png\" class=\"attachment-medium_large size-medium_large wp-image-291\" alt=\"\" srcset=\"https:\/\/palabritas.com\/wp-content\/uploads\/2024\/10\/RESPETO-768x336.png 768w, https:\/\/palabritas.com\/wp-content\/uploads\/2024\/10\/RESPETO-300x131.png 300w, https:\/\/palabritas.com\/wp-content\/uploads\/2024\/10\/RESPETO-1024x447.png 1024w, https:\/\/palabritas.com\/wp-content\/uploads\/2024\/10\/RESPETO-1536x671.png 1536w, https:\/\/palabritas.com\/wp-content\/uploads\/2024\/10\/RESPETO-2048x895.png 2048w\" sizes=\"(max-width: 768px) 100vw, 768px\" \/>\t\t\t\t\t\t\t\t\t\t\t\t\t<\/div>\n\t\t\t\t<\/div>\n\t\t\t\t<div class=\"elementor-element elementor-element-1a4dd84 elementor-widget elementor-widget-text-editor\" data-id=\"1a4dd84\" data-element_type=\"widget\" data-widget_type=\"text-editor.default\">\n\t\t\t\t<div class=\"elementor-widget-container\">\n\t\t\t\t\t\t\t<ul><li>Cada persona es valiosa e importante en nuestra empresa y tiene un lugar \u00fanico en la labor que desempe\u00f1a.<\/li><li>De esta misma manera cada persona que recibe nuestros productos es especial y tiene un prop\u00f3sito por el cual ha sido creado.<\/li><\/ul><p>Nos une un prop\u00f3sito en com\u00fan, como equipo trabajamos unidos, apoy\u00e1ndonos unos a otros, dando lo mejor de cada uno y ayud\u00e1ndonos al desarrollo colectivo e individual. No somos solo un equipo de trabajo, sino co-equiperos unidos por un prop\u00f3sito: <em>Sembrar creativamente la Palabra de Dios en el coraz\u00f3n de los hombres.<\/em><\/p>\t\t\t\t\t\t<\/div>\n\t\t\t\t<\/div>\n\t\t\t\t<\/div>\n\t\t\t\t<div class=\"elementor-element elementor-element-ed3f2a8 elementor-widget__width-initial elementor-widget elementor-widget-spacer\" data-id=\"ed3f2a8\" data-element_type=\"widget\" data-widget_type=\"spacer.default\">\n\t\t\t\t<div class=\"elementor-widget-container\">\n\t\t\t\t\t<div class=\"elementor-spacer\">\n\t\t\t<div class=\"elementor-spacer-inner\"><\/div>\n\t\t<\/div>\n\t\t\t\t<\/div>\n\t\t\t\t<\/div>\n\t\t<div class=\"elementor-element elementor-element-7a967f6 e-con-full e-flex e-con e-child\" data-id=\"7a967f6\" data-element_type=\"container\">\n\t\t\t\t<div class=\"elementor-element elementor-element-635155f elementor-widget elementor-widget-image\" data-id=\"635155f\" data-element_type=\"widget\" data-widget_type=\"image.default\">\n\t\t\t\t<div class=\"elementor-widget-container\">\n\t\t\t\t\t\t\t\t\t\t\t\t\t<img loading=\"lazy\" decoding=\"async\" width=\"800\" height=\"349\" src=\"https:\/\/palabritas.com\/wp-content\/uploads\/2024\/10\/SERVICIO-1024x447.png\" class=\"attachment-large size-large wp-image-292\" alt=\"\" srcset=\"https:\/\/palabritas.com\/wp-content\/uploads\/2024\/10\/SERVICIO-1024x447.png 1024w, https:\/\/palabritas.com\/wp-content\/uploads\/2024\/10\/SERVICIO-300x131.png 300w, https:\/\/palabritas.com\/wp-content\/uploads\/2024\/10\/SERVICIO-768x336.png 768w, https:\/\/palabritas.com\/wp-content\/uploads\/2024\/10\/SERVICIO-1536x671.png 1536w, https:\/\/palabritas.com\/wp-content\/uploads\/2024\/10\/SERVICIO-2048x895.png 2048w\" sizes=\"(max-width: 800px) 100vw, 800px\" \/>\t\t\t\t\t\t\t\t\t\t\t\t\t<\/div>\n\t\t\t\t<\/div>\n\t\t\t\t<div class=\"elementor-element elementor-element-a9246d6 elementor-widget elementor-widget-text-editor\" data-id=\"a9246d6\" data-element_type=\"widget\" data-widget_type=\"text-editor.default\">\n\t\t\t\t<div class=\"elementor-widget-container\">\n\t\t\t\t\t\t\t<ul><li>Somos llamados a tener un coraz\u00f3n de servicio en nuestras actitudes y acciones.<\/li><li>Cada persona que recibe nuestro material est\u00e1 invitado a ser un multiplicador de vida. Recibir para poder dar.<\/li><\/ul><p style=\"font-weight: 400;\">Conocemos el efecto de nuestro trabajo en la vida de nuestros clientes; hemos descubierto la importancia de crecer en comunidad, en base a la confianza y excelencia en el servicio y en la calidad de nuestros productos. Creemos que llegamos lejos trabajando como equipo, valorando a cada persona, y teniendo en cuenta sus necesidades.<\/p>\t\t\t\t\t\t<\/div>\n\t\t\t\t<\/div>\n\t\t\t\t<\/div>\n\t\t<div class=\"elementor-element elementor-element-4eb5f4a e-con-full e-flex e-con e-child\" data-id=\"4eb5f4a\" data-element_type=\"container\">\n\t\t\t\t<div class=\"elementor-element elementor-element-b219471 elementor-widget elementor-widget-image\" data-id=\"b219471\" data-element_type=\"widget\" data-widget_type=\"image.default\">\n\t\t\t\t<div class=\"elementor-widget-container\">\n\t\t\t\t\t\t\t\t\t\t\t\t\t<img loading=\"lazy\" decoding=\"async\" width=\"768\" height=\"335\" src=\"https:\/\/palabritas.com\/wp-content\/uploads\/2024\/10\/TALENTO-768x335.png\" class=\"attachment-medium_large size-medium_large wp-image-293\" alt=\"\" srcset=\"https:\/\/palabritas.com\/wp-content\/uploads\/2024\/10\/TALENTO-768x335.png 768w, https:\/\/palabritas.com\/wp-content\/uploads\/2024\/10\/TALENTO-300x131.png 300w, https:\/\/palabritas.com\/wp-content\/uploads\/2024\/10\/TALENTO-1024x447.png 1024w, https:\/\/palabritas.com\/wp-content\/uploads\/2024\/10\/TALENTO-1536x671.png 1536w, https:\/\/palabritas.com\/wp-content\/uploads\/2024\/10\/TALENTO-2048x894.png 2048w\" sizes=\"(max-width: 768px) 100vw, 768px\" \/>\t\t\t\t\t\t\t\t\t\t\t\t\t<\/div>\n\t\t\t\t<\/div>\n\t\t\t\t<div class=\"elementor-element elementor-element-f85d4c7 elementor-widget elementor-widget-text-editor\" data-id=\"f85d4c7\" data-element_type=\"widget\" data-widget_type=\"text-editor.default\">\n\t\t\t\t<div class=\"elementor-widget-container\">\n\t\t\t\t\t\t\t<ul><li>Sabemos que cada persona que conforma nuestro equipo tiene un prop\u00f3sito, y talentos que deben ser desarrollados para alcanzar nuevas oportunidades y crecimiento. Creemos en las capacidades de las personas para llevar a cabo sus responsabilidades y crecer profesionalmente y personalmente.<\/li><li>As\u00ed mismo somos conscientes de la responsabilidad que tenemos frente a nuestros clientes, apoyamos y acompa\u00f1amos su crecimiento y exploraci\u00f3n de sus talentos para el servicio de los dem\u00e1s.<\/li><\/ul><p style=\"font-weight: 400;\">A medida que cada persona explora sus talentos y aprende a desarrollarlos abre nuevas puertas a oportunidades y nuevas responsabilidades. Como equipo sabemos de la importancia del crecimiento en metas personales y colectivas y por este motivo resolvemos nuestras diferencias desde el respeto, buscando el com\u00fan acuerdo, dentro de un ambiente de colaboraci\u00f3n.<\/p>\t\t\t\t\t\t<\/div>\n\t\t\t\t<\/div>\n\t\t\t\t<\/div>\n\t\t\t\t<div class=\"elementor-element elementor-element-381e66c elementor-widget__width-initial elementor-widget elementor-widget-spacer\" data-id=\"381e66c\" data-element_type=\"widget\" data-widget_type=\"spacer.default\">\n\t\t\t\t<div class=\"elementor-widget-container\">\n\t\t\t\t\t<div class=\"elementor-spacer\">\n\t\t\t<div class=\"elementor-spacer-inner\"><\/div>\n\t\t<\/div>\n\t\t\t\t<\/div>\n\t\t\t\t<\/div>\n\t\t<div class=\"elementor-element elementor-element-dfb30f6 e-con-full e-flex e-con e-child\" data-id=\"dfb30f6\" data-element_type=\"container\">\n\t\t\t\t<div class=\"elementor-element elementor-element-97c51e2 elementor-widget elementor-widget-image\" data-id=\"97c51e2\" data-element_type=\"widget\" data-widget_type=\"image.default\">\n\t\t\t\t<div class=\"elementor-widget-container\">\n\t\t\t\t\t\t\t\t\t\t\t\t\t<img loading=\"lazy\" decoding=\"async\" width=\"800\" height=\"349\" src=\"https:\/\/palabritas.com\/wp-content\/uploads\/2024\/10\/EXCELENCIA-1024x447.png\" class=\"attachment-large size-large wp-image-289\" alt=\"\" srcset=\"https:\/\/palabritas.com\/wp-content\/uploads\/2024\/10\/EXCELENCIA-1024x447.png 1024w, https:\/\/palabritas.com\/wp-content\/uploads\/2024\/10\/EXCELENCIA-300x131.png 300w, https:\/\/palabritas.com\/wp-content\/uploads\/2024\/10\/EXCELENCIA-768x335.png 768w, https:\/\/palabritas.com\/wp-content\/uploads\/2024\/10\/EXCELENCIA-1536x671.png 1536w, https:\/\/palabritas.com\/wp-content\/uploads\/2024\/10\/EXCELENCIA-2048x894.png 2048w\" sizes=\"(max-width: 800px) 100vw, 800px\" \/>\t\t\t\t\t\t\t\t\t\t\t\t\t<\/div>\n\t\t\t\t<\/div>\n\t\t\t\t<div class=\"elementor-element elementor-element-b63946b elementor-widget elementor-widget-text-editor\" data-id=\"b63946b\" data-element_type=\"widget\" data-widget_type=\"text-editor.default\">\n\t\t\t\t<div class=\"elementor-widget-container\">\n\t\t\t\t\t\t\t<ul><li>Estamos siempre buscando c\u00f3mo podemos mejorar nuestro trabajo y nuestros productos. Estaremos siempre comprometidos con incrementar la calidad de nuestro servicio y la variedad de nuestros cat\u00e0logo.<\/li><\/ul><p style=\"font-weight: 400;\">Esperamos que nuestra excelencia se refleja en el buen manejo y comunicaci\u00f3n con nuestros clientes. Estamos comprometidos con tener un ambiente donde estamos abiertos siempre a la retroalimentaci\u00f3n y comunicaci\u00f3n constante para nuestro crecimiento en excelencia.<\/p><p style=\"font-weight: 400;\">Queremos caracterizarnos por nuestro excelente trabajo, nuestra creatividad y una correcta planeaci\u00f3n y continua innovaci\u00f3n en cada uno de nuestros procesos.<\/p>\t\t\t\t\t\t<\/div>\n\t\t\t\t<\/div>\n\t\t\t\t<\/div>\n\t\t\t\t<\/div>\n\t\t<div class=\"elementor-element elementor-element-ee77bb0 e-con-full e-flex e-con e-parent\" data-id=\"ee77bb0\" data-element_type=\"container\">\n\t\t\t\t<div class=\"elementor-element elementor-element-56b9c9c elementor-widget elementor-widget-image\" data-id=\"56b9c9c\" data-element_type=\"widget\" data-widget_type=\"image.default\">\n\t\t\t\t<div class=\"elementor-widget-container\">\n\t\t\t\t\t\t\t\t\t\t\t\t\t<img loading=\"lazy\" decoding=\"async\" width=\"768\" height=\"335\" src=\"https:\/\/palabritas.com\/wp-content\/uploads\/2024\/10\/COMPROMISO-768x335.png\" class=\"attachment-medium_large size-medium_large wp-image-288\" alt=\"\" srcset=\"https:\/\/palabritas.com\/wp-content\/uploads\/2024\/10\/COMPROMISO-768x335.png 768w, https:\/\/palabritas.com\/wp-content\/uploads\/2024\/10\/COMPROMISO-300x131.png 300w, https:\/\/palabritas.com\/wp-content\/uploads\/2024\/10\/COMPROMISO-1024x447.png 1024w, https:\/\/palabritas.com\/wp-content\/uploads\/2024\/10\/COMPROMISO-1536x671.png 1536w, https:\/\/palabritas.com\/wp-content\/uploads\/2024\/10\/COMPROMISO-2048x894.png 2048w\" sizes=\"(max-width: 768px) 100vw, 768px\" \/>\t\t\t\t\t\t\t\t\t\t\t\t\t<\/div>\n\t\t\t\t<\/div>\n\t\t\t\t<div class=\"elementor-element elementor-element-f8493d0 elementor-widget elementor-widget-text-editor\" data-id=\"f8493d0\" data-element_type=\"widget\" data-widget_type=\"text-editor.default\">\n\t\t\t\t<div class=\"elementor-widget-container\">\n\t\t\t\t\t\t\t<ul><li>Estamos comprometidos con la honestidad, la integridad y la fidelidad en todas nuestras acciones y relaciones, dentro y fuera de la empresa.<\/li><li>Estamos comprometidos a aportar y agregar valor a las personas desde el \u00e1mbito emocional, espiritual y educativo.<\/li><\/ul><p style=\"font-weight: 400;\">Sabemos que es imposible crear impacto sin estar comprometidos con nuestras creencias y valores como empresa. Estamos comprometidos con la creaci\u00f3n de herramientas que impactactan la sociedad de una forma positiva desde el AMOR y la VIDA. Nos comprometemos a ser ejemplo y testimonio vivo del mensaje que proclamamos por medio de nuestro material: Mensajes de vida y esperanza para el coraz\u00f3n Como dijo el ap\u00f2stol Pablo: Nuestras vidas son una carta escrita abierta, le\u00ecda y entendida por todos los hombres.<\/p>\t\t\t\t\t\t<\/div>\n\t\t\t\t<\/div>\n\t\t\t\t<\/div>\n\t\t\t\t<\/div>\n\t\t","protected":false},"excerpt":{"rendered":"<p>Somos una casa editorial que produce y distribuye recursos b\u00edblicos para vivir y compartir la Palabra de Dios a todo el mundo. Ayudar a fortalecer la familia con los principios y valores de la biblia. Valores Fundamentales: Son nuestras convicciones y principios, que gu\u00edan nuestra raz\u00f3n de ser y raz\u00f3n de existir como empresa. Estas [&hellip;]<\/p>\n","protected":false},"author":2,"featured_media":0,"parent":0,"menu_order":0,"comment_status":"closed","ping_status":"closed","template":"elementor_header_footer","meta":{"footnotes":""},"class_list":["post-268","page","type-page","status-publish","hentry"],"_links":{"self":[{"href":"https:\/\/palabritas.com\/index.php\/wp-json\/wp\/v2\/pages\/268","targetHints":{"allow":["GET"]}}],"collection":[{"href":"https:\/\/palabritas.com\/index.php\/wp-json\/wp\/v2\/pages"}],"about":[{"href":"https:\/\/palabritas.com\/index.php\/wp-json\/wp\/v2\/types\/page"}],"author":[{"embeddable":true,"href":"https:\/\/palabritas.com\/index.php\/wp-json\/wp\/v2\/users\/2"}],"replies":[{"embeddable":true,"href":"https:\/\/palabritas.com\/index.php\/wp-json\/wp\/v2\/comments?post=268"}],"version-history":[{"count":16,"href":"https:\/\/palabritas.com\/index.php\/wp-json\/wp\/v2\/pages\/268\/revisions"}],"predecessor-version":[{"id":412,"href":"https:\/\/palabritas.com\/index.php\/wp-json\/wp\/v2\/pages\/268\/revisions\/412"}],"wp:attachment":[{"href":"https:\/\/palabritas.com\/index.php\/wp-json\/wp\/v2\/media?parent=268"}],"curies":[{"name":"wp","href":"https:\/\/api.w.org\/{rel}","templated":true}]}}