{"id":415,"date":"2025-04-25T16:15:07","date_gmt":"2025-04-25T16:15:07","guid":{"rendered":"https:\/\/palabritas.com\/?page_id=415"},"modified":"2025-04-25T16:25:08","modified_gmt":"2025-04-25T16:25:08","slug":"nuestra-historia","status":"publish","type":"page","link":"https:\/\/palabritas.com\/index.php\/nuestra-historia\/","title":{"rendered":"Nuestra Historia"},"content":{"rendered":"\t\t<div data-elementor-type=\"wp-page\" data-elementor-id=\"415\" class=\"elementor elementor-415\" data-elementor-post-type=\"page\">\n\t\t\t\t<div class=\"elementor-element elementor-element-ee57488 e-flex e-con-boxed e-con e-parent\" data-id=\"ee57488\" data-element_type=\"container\">\n\t\t\t\t\t<div class=\"e-con-inner\">\n\t\t\t\t<div class=\"elementor-element elementor-element-9de5b89 elementor-widget elementor-widget-image\" data-id=\"9de5b89\" data-element_type=\"widget\" data-widget_type=\"image.default\">\n\t\t\t\t<div class=\"elementor-widget-container\">\n\t\t\t<style>\/*! elementor - v3.23.0 - 15-07-2024 *\/\n.elementor-widget-image{text-align:center}.elementor-widget-image a{display:inline-block}.elementor-widget-image a img[src$=\".svg\"]{width:48px}.elementor-widget-image img{vertical-align:middle;display:inline-block}<\/style>\t\t\t\t\t\t\t\t\t\t<img fetchpriority=\"high\" decoding=\"async\" width=\"2560\" height=\"360\" src=\"https:\/\/palabritas.com\/wp-content\/uploads\/2025\/04\/NUESTRA-HISTORIA-scaled.png\" class=\"attachment-full size-full wp-image-417\" alt=\"\" srcset=\"https:\/\/palabritas.com\/wp-content\/uploads\/2025\/04\/NUESTRA-HISTORIA-scaled.png 2560w, https:\/\/palabritas.com\/wp-content\/uploads\/2025\/04\/NUESTRA-HISTORIA-300x42.png 300w, https:\/\/palabritas.com\/wp-content\/uploads\/2025\/04\/NUESTRA-HISTORIA-1024x144.png 1024w, https:\/\/palabritas.com\/wp-content\/uploads\/2025\/04\/NUESTRA-HISTORIA-768x108.png 768w, https:\/\/palabritas.com\/wp-content\/uploads\/2025\/04\/NUESTRA-HISTORIA-1536x216.png 1536w, https:\/\/palabritas.com\/wp-content\/uploads\/2025\/04\/NUESTRA-HISTORIA-2048x288.png 2048w\" sizes=\"(max-width: 2560px) 100vw, 2560px\" \/>\t\t\t\t\t\t\t\t\t\t\t\t\t<\/div>\n\t\t\t\t<\/div>\n\t\t\t\t\t<\/div>\n\t\t\t\t<\/div>\n\t\t<div class=\"elementor-element elementor-element-47fc2a7 e-flex e-con-boxed e-con e-parent\" data-id=\"47fc2a7\" data-element_type=\"container\">\n\t\t\t\t\t<div class=\"e-con-inner\">\n\t\t<div class=\"elementor-element elementor-element-8df9beb e-con-full e-flex e-con e-child\" data-id=\"8df9beb\" data-element_type=\"container\">\n\t\t<div class=\"elementor-element elementor-element-90cd89e e-con-full e-flex e-con e-child\" data-id=\"90cd89e\" data-element_type=\"container\">\n\t\t\t\t<div class=\"elementor-element elementor-element-36fbcf7 elementor-widget elementor-widget-text-editor\" data-id=\"36fbcf7\" data-element_type=\"widget\" data-widget_type=\"text-editor.default\">\n\t\t\t\t<div class=\"elementor-widget-container\">\n\t\t\t<style>\/*! elementor - v3.23.0 - 15-07-2024 *\/\n.elementor-widget-text-editor.elementor-drop-cap-view-stacked .elementor-drop-cap{background-color:#69727d;color:#fff}.elementor-widget-text-editor.elementor-drop-cap-view-framed .elementor-drop-cap{color:#69727d;border:3px solid;background-color:transparent}.elementor-widget-text-editor:not(.elementor-drop-cap-view-default) .elementor-drop-cap{margin-top:8px}.elementor-widget-text-editor:not(.elementor-drop-cap-view-default) .elementor-drop-cap-letter{width:1em;height:1em}.elementor-widget-text-editor .elementor-drop-cap{float:left;text-align:center;line-height:1;font-size:50px}.elementor-widget-text-editor .elementor-drop-cap-letter{display:inline-block}<\/style>\t\t\t\t<p>Palabritas nace en Colombia hace 35 a\u00f1os con un sue\u00f1o grande: Ayudar a las personas de todo el mundo a conocer, amar y vivir la Palabra de Dios de una manera din\u00e1mica y creativa.<\/p><p>Comenzamos publicando mensajes b\u00edblicos en los peri\u00f3dicos El Tiempo y el Espectador con mensajes de principios y valores con una gran aceptaci\u00f3n de los lectores de todas las edades. Ilustramos varias biblias para ni\u00f1os como \u201c Dios es mi amigo\u201d entre otras, hemos desarrollado tambi\u00e9n campa\u00f1as educativas de Valores a nivel escolar . Hemos desarrollado herramientas pr\u00e1cticas para conocer la biblia como las cajitas de promesas y oraciones. \u00daltimamente estamos trabajando en un gran proyecto de fortalecimiento de la familia con los Principios y Valores de la biblia en un programa de lectura familiar de la biblia denominado \u201c Vivamos la Biblia con Palabritas \u201c ( Actualmente traducido al Ingl\u00e9s y al Portugu\u00e9s).<br \/>Palabritas ha sido galardonado con el premio \u201cNemequeme \u201c por Fenalco ( Federaci\u00f3n Nacional de Comerciantes\u201d y recibi\u00f3 un reconocimiento especial del Concejo de Bogot\u00e1 con la orden civil al m\u00e9rito Jos\u00e9 Acevedo y G\u00f3mez por su trabajo a favor de la ni\u00f1ez y la educaci\u00f3n.<\/p>\t\t\t\t\t\t<\/div>\n\t\t\t\t<\/div>\n\t\t\t\t<\/div>\n\t\t\t\t<\/div>\n\t\t\t\t\t<\/div>\n\t\t\t\t<\/div>\n\t\t\t\t<\/div>\n\t\t","protected":false},"excerpt":{"rendered":"<p>Palabritas nace en Colombia hace 35 a\u00f1os con un sue\u00f1o grande: Ayudar a las personas de todo el mundo a conocer, amar y vivir la Palabra de Dios de una manera din\u00e1mica y creativa. Comenzamos publicando mensajes b\u00edblicos en los peri\u00f3dicos El Tiempo y el Espectador con mensajes de principios y valores con una gran [&hellip;]<\/p>\n","protected":false},"author":2,"featured_media":0,"parent":0,"menu_order":0,"comment_status":"closed","ping_status":"closed","template":"elementor_header_footer","meta":{"footnotes":""},"class_list":["post-415","page","type-page","status-publish","hentry"],"_links":{"self":[{"href":"https:\/\/palabritas.com\/index.php\/wp-json\/wp\/v2\/pages\/415","targetHints":{"allow":["GET"]}}],"collection":[{"href":"https:\/\/palabritas.com\/index.php\/wp-json\/wp\/v2\/pages"}],"about":[{"href":"https:\/\/palabritas.com\/index.php\/wp-json\/wp\/v2\/types\/page"}],"author":[{"embeddable":true,"href":"https:\/\/palabritas.com\/index.php\/wp-json\/wp\/v2\/users\/2"}],"replies":[{"embeddable":true,"href":"https:\/\/palabritas.com\/index.php\/wp-json\/wp\/v2\/comments?post=415"}],"version-history":[{"count":7,"href":"https:\/\/palabritas.com\/index.php\/wp-json\/wp\/v2\/pages\/415\/revisions"}],"predecessor-version":[{"id":424,"href":"https:\/\/palabritas.com\/index.php\/wp-json\/wp\/v2\/pages\/415\/revisions\/424"}],"wp:attachment":[{"href":"https:\/\/palabritas.com\/index.php\/wp-json\/wp\/v2\/media?parent=415"}],"curies":[{"name":"wp","href":"https:\/\/api.w.org\/{rel}","templated":true}]}}